{"id":851,"date":"2024-09-05T02:11:20","date_gmt":"2024-09-05T00:11:20","guid":{"rendered":"https:\/\/cooknjoy.fr\/?post_type=product&#038;p=851"},"modified":"2026-02-12T15:43:49","modified_gmt":"2026-02-12T14:43:49","slug":"atelier-de-cuisine-chocolat","status":"publish","type":"product","link":"https:\/\/cooknjoy.fr\/index.php\/produit\/atelier-de-cuisine-chocolat\/","title":{"rendered":"Chocolats de P\u00e2ques"},"content":{"rendered":"<p><strong>Dur\u00e9e : 2h00<\/strong><\/p>\n<p><strong>Exemple de menu : <\/strong><\/p>\n<ul>\n<li>Bounty<\/li>\n<li>Mendiants<\/li>\n<li>Florentin<\/li>\n<li class=\"p1\">Tablette de chocolat personnalis\u00e9e<\/li>\n<\/ul>\n<p><em>Cet atelier de cuisine est accessible \u00e0 partir de 16 ans<\/em><\/p>\n","protected":false},"excerpt":{"rendered":"<p>Ce que vous cuisinerez (et d\u00e9gusterez !) : Bounty,\u00a0 Mendiants, Florentin, Tablette de chocolat personnalis\u00e9e &#8211; Dur\u00e9e : 2h environ &#8211; \u00c0 partir de 16 ans<\/p>\n","protected":false},"featured_media":2286,"comment_status":"open","ping_status":"closed","template":"","meta":[],"product_brand":[],"product_cat":[17],"product_tag":[],"class_list":{"0":"post-851","1":"product","2":"type-product","3":"status-publish","4":"has-post-thumbnail","6":"product_cat-ateliers-de-cuisine","7":"bookacti-activity","9":"entry","10":"has-media","12":"first","13":"instock","14":"shipping-taxable","15":"purchasable","16":"product-type-simple","17":"has-product-nav","18":"col","19":"span_1_of_3","20":"owp-content-center","21":"owp-thumbs-layout-horizontal","22":"owp-btn-normal","23":"owp-tabs-layout-horizontal","24":"has-no-thumbnails"},"_links":{"self":[{"href":"https:\/\/cooknjoy.fr\/index.php\/wp-json\/wp\/v2\/product\/851","targetHints":{"allow":["GET"]}}],"collection":[{"href":"https:\/\/cooknjoy.fr\/index.php\/wp-json\/wp\/v2\/product"}],"about":[{"href":"https:\/\/cooknjoy.fr\/index.php\/wp-json\/wp\/v2\/types\/product"}],"replies":[{"embeddable":true,"href":"https:\/\/cooknjoy.fr\/index.php\/wp-json\/wp\/v2\/comments?post=851"}],"version-history":[{"count":8,"href":"https:\/\/cooknjoy.fr\/index.php\/wp-json\/wp\/v2\/product\/851\/revisions"}],"predecessor-version":[{"id":2287,"href":"https:\/\/cooknjoy.fr\/index.php\/wp-json\/wp\/v2\/product\/851\/revisions\/2287"}],"wp:featuredmedia":[{"embeddable":true,"href":"https:\/\/cooknjoy.fr\/index.php\/wp-json\/wp\/v2\/media\/2286"}],"wp:attachment":[{"href":"https:\/\/cooknjoy.fr\/index.php\/wp-json\/wp\/v2\/media?parent=851"}],"wp:term":[{"taxonomy":"product_brand","embeddable":true,"href":"https:\/\/cooknjoy.fr\/index.php\/wp-json\/wp\/v2\/product_brand?post=851"},{"taxonomy":"product_cat","embeddable":true,"href":"https:\/\/cooknjoy.fr\/index.php\/wp-json\/wp\/v2\/product_cat?post=851"},{"taxonomy":"product_tag","embeddable":true,"href":"https:\/\/cooknjoy.fr\/index.php\/wp-json\/wp\/v2\/product_tag?post=851"}],"curies":[{"name":"wp","href":"https:\/\/api.w.org\/{rel}","templated":true}]}}