{"id":793,"date":"2024-07-22T15:52:47","date_gmt":"2024-07-22T13:52:47","guid":{"rendered":"https:\/\/cooknjoy.fr\/?page_id=793"},"modified":"2026-03-19T22:14:08","modified_gmt":"2026-03-19T21:14:08","slug":"ateliers-privatifs","status":"publish","type":"page","link":"https:\/\/cooknjoy.fr\/index.php\/ateliers-privatifs\/","title":{"rendered":"Ateliers privatifs"},"content":{"rendered":"\t\t<div data-elementor-type=\"wp-page\" data-elementor-id=\"793\" class=\"elementor elementor-793\">\n\t\t\t\t<div class=\"elementor-element elementor-element-a20589a e-flex e-con-boxed e-con e-parent\" data-id=\"a20589a\" data-element_type=\"container\">\n\t\t\t\t\t<div class=\"e-con-inner\">\n\t\t\t\t<div class=\"elementor-element elementor-element-5d3b275 elementor-widget elementor-widget-heading\" data-id=\"5d3b275\" data-element_type=\"widget\" data-widget_type=\"heading.default\">\n\t\t\t\t<div class=\"elementor-widget-container\">\n\t\t\t\t\t<h2 class=\"elementor-heading-title elementor-size-default\">Profitez d'un moment de partage \u00e0 la carte avec nos ateliers privatifs<\/h2>\t\t\t\t<\/div>\n\t\t\t\t<\/div>\n\t\t\t\t<div class=\"elementor-element elementor-element-5ea7e2e elementor-widget elementor-widget-text-editor\" data-id=\"5ea7e2e\" data-element_type=\"widget\" data-widget_type=\"text-editor.default\">\n\t\t\t\t<div class=\"elementor-widget-container\">\n\t\t\t\t\t\t\t\t\t<h1><span style=\"font-size: 18px; font-weight: 600; text-align: var(--text-align);\">Vivez une exp\u00e9rience culinaire unique et personnalis\u00e9e<\/span><\/h1>\n<p>Chez Cook N Joy, nous croyons que la cuisine est bien plus qu&#8217;un simple art culinaire, c&#8217;est une v\u00e9ritable aventure sensorielle et une occasion de cr\u00e9er des souvenirs inoubliables. Nos ateliers privatifs, dirig\u00e9s par le Chef Thibaut Bertin, sont con\u00e7us pour offrir une exp\u00e9rience exclusive et personnalis\u00e9e, adapt\u00e9e \u00e0 vos envies et \u00e0 vos besoins sp\u00e9cifiques.<\/p>\n<h3>Pourquoi choisir un atelier privatif ?<\/h3>\n<ul>\n<li><strong>Flexibilit\u00e9 et Personnalisation<\/strong> : Que ce soit pour un anniversaire, une f\u00eate de famille, un enterrement de vie de jeune fille (EVJF), un team building ou toute autre occasion sp\u00e9ciale, nos ateliers privatifs sont enti\u00e8rement modulables. Choisissez votre th\u00e8me culinaire , la date et l\u2019heure qui vous conviennent, et laissez-nous nous occuper du reste. Il est possible&nbsp;<span style=\"font-family: Roboto, sans-serif; font-size: 14px; font-style: normal; font-variant-ligatures: normal; font-variant-caps: normal; font-weight: 400;\">de m\u00e9langer des plats issus de diff\u00e9rentes th\u00e9matiques, dans la limite des deux heures d&#8217;atelier. Les modalit\u00e9s seront discut\u00e9s en amont avec le Chef pour personnaliser au mieux votre exp\u00e9rience.&nbsp;<\/span><\/li>\n<li><strong>Apprentissage et Plaisir<\/strong> : Encadr\u00e9s par le Chef Thibaut Bertin, passionn\u00e9 et exp\u00e9riment\u00e9, vous d\u00e9couvrirez des techniques culinaires tout en vous amusant. C\u2019est l\u2019occasion id\u00e9ale pour apprendre de nouvelles recettes, perfectionner vos comp\u00e9tences et partager un moment convivial avec vos proches.<\/li>\n<li><strong>Ambiance Intime et Conviviale<\/strong> : Profitez d\u2019une atmosph\u00e8re chaleureuse et d\u00e9tendue. Notre atelier est sp\u00e9cialement am\u00e9nag\u00e9 pour favoriser les \u00e9changes et le partage, rendant chaque atelier unique et m\u00e9morable.<\/li>\n<\/ul>\n<h3>Comment \u00e7a marche ?<\/h3>\n<ol>\n<li><strong>Contactez-nous<\/strong> : Remplissez notre formulaire de contact ou appelez-nous pour discuter de vos besoins et de vos envies.<\/li>\n<li><strong>Planification<\/strong> : Ensemble, nous d\u00e9finirons les d\u00e9tails de votre atelier : choix des recettes, nombre de participants, et toutes les sp\u00e9cificit\u00e9s que vous souhaitez.<\/li>\n<li><strong>D\u00e9gustation<\/strong> : Le jour J, venez avec votre bonne humeur et laissez-vous guider par notre Chef Thibaut Bertin. Apr\u00e8s la pr\u00e9paration, place \u00e0 la d\u00e9gustation de vos cr\u00e9ations dans une ambiance festive.<\/li>\n<\/ol>\n<h3>Tarifs et R\u00e9servations<\/h3>\n<p>Nos ateliers privatifs sont disponibles \u00e0 partir de <b>75 euros TTC par personne en semaine<\/b> (lundi, mardi, jeudi et vendredi) pour les th\u00e9matiques de cuisine du monde et 100% chocolat et \u00e0 <b>85 euros TTC par personne<\/b> pour la th\u00e9matique &#8220;Gourmet&#8221;, avec une r\u00e9servation minimum de 7 participants.&nbsp;<\/p>\n<p>Le <b>samedi<\/b>, le tarif des ateliers privatifs s&#8217;\u00e9l\u00e8ve \u00e0 <b>80 euros TTC par personne <\/b>(7 participants minimum) pour les th\u00e9matiques de cuisine du monde et 100% chocolat et \u00e0<b> 90 euros TTC par personne<\/b> pour la th\u00e9matique &#8220;Gourmet&#8221;, afin de couvrir les frais logistiques li\u00e9s \u00e0 la privatisation de l&#8217;atelier qui n&#8217;est pas ouvert le week-end en temps normal.&nbsp;<\/p>\n<p><span style=\"font-family: Roboto, sans-serif; font-size: 14px; font-style: normal; font-variant-ligatures: normal; font-variant-caps: normal; font-weight: 400;\">Contactez-nous pour plus d\u2019informations et pour r\u00e9server votre atelier privatif.<\/span><\/p>\t\t\t\t\t\t\t\t<\/div>\n\t\t\t\t<\/div>\n\t\t\t\t<div class=\"elementor-element elementor-element-a74c77c elementor-widget elementor-widget-button\" data-id=\"a74c77c\" data-element_type=\"widget\" data-widget_type=\"button.default\">\n\t\t\t\t<div class=\"elementor-widget-container\">\n\t\t\t\t\t\t\t\t\t<div class=\"elementor-button-wrapper\">\n\t\t\t\t\t<a class=\"elementor-button elementor-button-link elementor-size-sm\" href=\"https:\/\/cooknjoy.fr\/index.php\/contact\/\">\n\t\t\t\t\t\t<span class=\"elementor-button-content-wrapper\">\n\t\t\t\t\t\t\t\t\t<span class=\"elementor-button-text\">R\u00e9server mon exp\u00e9rience privative<\/span>\n\t\t\t\t\t<\/span>\n\t\t\t\t\t<\/a>\n\t\t\t\t<\/div>\n\t\t\t\t\t\t\t\t<\/div>\n\t\t\t\t<\/div>\n\t\t\t\t\t<\/div>\n\t\t\t\t<\/div>\n\t\t\t\t<\/div>\n\t\t","protected":false},"excerpt":{"rendered":"<p>Profitez d&#8217;un moment de partage \u00e0 la carte avec nos ateliers privatifs Vivez une exp\u00e9rience culinaire unique et personnalis\u00e9e Chez Cook N Joy, nous croyons que la cuisine est bien plus qu&#8217;un simple art culinaire, c&#8217;est une v\u00e9ritable aventure sensorielle et une occasion de cr\u00e9er des souvenirs inoubliables. Nos ateliers privatifs, dirig\u00e9s par le Chef [&hellip;]<\/p>\n","protected":false},"author":1,"featured_media":0,"parent":0,"menu_order":0,"comment_status":"closed","ping_status":"closed","template":"","meta":{"footnotes":""},"class_list":["post-793","page","type-page","status-publish","hentry","entry","owp-thumbs-layout-horizontal","owp-btn-normal","owp-tabs-layout-horizontal","has-no-thumbnails","has-product-nav"],"_links":{"self":[{"href":"https:\/\/cooknjoy.fr\/index.php\/wp-json\/wp\/v2\/pages\/793","targetHints":{"allow":["GET"]}}],"collection":[{"href":"https:\/\/cooknjoy.fr\/index.php\/wp-json\/wp\/v2\/pages"}],"about":[{"href":"https:\/\/cooknjoy.fr\/index.php\/wp-json\/wp\/v2\/types\/page"}],"author":[{"embeddable":true,"href":"https:\/\/cooknjoy.fr\/index.php\/wp-json\/wp\/v2\/users\/1"}],"replies":[{"embeddable":true,"href":"https:\/\/cooknjoy.fr\/index.php\/wp-json\/wp\/v2\/comments?post=793"}],"version-history":[{"count":43,"href":"https:\/\/cooknjoy.fr\/index.php\/wp-json\/wp\/v2\/pages\/793\/revisions"}],"predecessor-version":[{"id":2465,"href":"https:\/\/cooknjoy.fr\/index.php\/wp-json\/wp\/v2\/pages\/793\/revisions\/2465"}],"wp:attachment":[{"href":"https:\/\/cooknjoy.fr\/index.php\/wp-json\/wp\/v2\/media?parent=793"}],"curies":[{"name":"wp","href":"https:\/\/api.w.org\/{rel}","templated":true}]}}