{"id":789,"date":"2024-07-22T14:31:44","date_gmt":"2024-07-22T12:31:44","guid":{"rendered":"https:\/\/cooknjoy.fr\/?page_id=789"},"modified":"2025-06-15T12:00:26","modified_gmt":"2025-06-15T10:00:26","slug":"cours-de-cuisine","status":"publish","type":"page","link":"https:\/\/cooknjoy.fr\/index.php\/cours-de-cuisine\/","title":{"rendered":"Cours de cuisine"},"content":{"rendered":"\t\t<div data-elementor-type=\"wp-page\" data-elementor-id=\"789\" class=\"elementor elementor-789\">\n\t\t\t\t<div class=\"elementor-element elementor-element-206c50b e-flex e-con-boxed e-con e-parent\" data-id=\"206c50b\" data-element_type=\"container\">\n\t\t\t\t\t<div class=\"e-con-inner\">\n\t\t<div class=\"elementor-element elementor-element-73d5f52 e-con-full e-flex e-con e-child\" data-id=\"73d5f52\" data-element_type=\"container\">\n\t\t\t\t<div class=\"elementor-element elementor-element-759384a elementor-widget elementor-widget-heading\" data-id=\"759384a\" data-element_type=\"widget\" data-widget_type=\"heading.default\">\n\t\t\t\t<div class=\"elementor-widget-container\">\n\t\t\t\t\t<h2 class=\"elementor-heading-title elementor-size-default\">Ateliers collectifs<\/h2>\t\t\t\t<\/div>\n\t\t\t\t<\/div>\n\t\t\t\t<div class=\"elementor-element elementor-element-2a204d6 elementor-widget elementor-widget-text-editor\" data-id=\"2a204d6\" data-element_type=\"widget\" data-widget_type=\"text-editor.default\">\n\t\t\t\t<div class=\"elementor-widget-container\">\n\t\t\t\t\t\t\t\t\t<p>Chez Cook N Joy, nous proposons des ateliers collectifs passionnants pour tous les amateurs de cuisine. Nos ateliers collectifs vous invitent \u00e0 un voyage culinaire \u00e0 travers diverses cultures, o\u00f9 vous apprendrez \u00e0 pr\u00e9parer des plats authentiques et savoureux des quatre coins du globe. Que vous soyez un novice ou un cuisinier exp\u00e9riment\u00e9, nos sessions, anim\u00e9es par le Chef Thibaut Bertin, sont con\u00e7ues pour \u00eatre \u00e0 la fois \u00e9ducatives et divertissantes. De plus, nous organisons des ateliers sp\u00e9cialement d\u00e9di\u00e9s aux enfants, o\u00f9 les plus jeunes peuvent d\u00e9couvrir la joie de cuisiner tout en d\u00e9veloppant leurs comp\u00e9tences culinaires de mani\u00e8re ludique et s\u00e9curis\u00e9e.<\/p><p><em>Tous les ateliers de cuisine collectifs sont accessibles \u00e0 partir de 16 ans.<\/em><\/p>\t\t\t\t\t\t\t\t<\/div>\n\t\t\t\t<\/div>\n\t\t\t\t<div class=\"elementor-element elementor-element-5cad898 elementor-widget elementor-widget-button\" data-id=\"5cad898\" data-element_type=\"widget\" data-widget_type=\"button.default\">\n\t\t\t\t<div class=\"elementor-widget-container\">\n\t\t\t\t\t\t\t\t\t<div class=\"elementor-button-wrapper\">\n\t\t\t\t\t<a class=\"elementor-button elementor-button-link elementor-size-sm\" href=\"https:\/\/cooknjoy.fr\/index.php\/categorie-produit\/ateliers-de-cuisine\/\">\n\t\t\t\t\t\t<span class=\"elementor-button-content-wrapper\">\n\t\t\t\t\t\t\t\t\t<span class=\"elementor-button-text\">D\u00e9couvrez nos ateliers collectifs<\/span>\n\t\t\t\t\t<\/span>\n\t\t\t\t\t<\/a>\n\t\t\t\t<\/div>\n\t\t\t\t\t\t\t\t<\/div>\n\t\t\t\t<\/div>\n\t\t\t\t<\/div>\n\t\t<div class=\"elementor-element elementor-element-6d5dfe7 e-con-full e-flex e-con e-child\" data-id=\"6d5dfe7\" data-element_type=\"container\">\n\t\t\t\t<div class=\"elementor-element elementor-element-3a6e717 elementor-widget elementor-widget-image\" data-id=\"3a6e717\" data-element_type=\"widget\" data-widget_type=\"image.default\">\n\t\t\t\t<div class=\"elementor-widget-container\">\n\t\t\t\t\t\t\t\t\t\t\t\t\t\t\t<img fetchpriority=\"high\" decoding=\"async\" width=\"1024\" height=\"683\" src=\"https:\/\/cooknjoy.fr\/wp-content\/uploads\/2024\/05\/DSC01284.jpg\" class=\"attachment-large size-large wp-image-504\" alt=\"\" srcset=\"https:\/\/cooknjoy.fr\/wp-content\/uploads\/2024\/05\/DSC01284.jpg 1024w, https:\/\/cooknjoy.fr\/wp-content\/uploads\/2024\/05\/DSC01284-300x200.jpg 300w, https:\/\/cooknjoy.fr\/wp-content\/uploads\/2024\/05\/DSC01284-768x512.jpg 768w, https:\/\/cooknjoy.fr\/wp-content\/uploads\/2024\/05\/DSC01284-600x400.jpg 600w\" sizes=\"(max-width: 1024px) 100vw, 1024px\" \/>\t\t\t\t\t\t\t\t\t\t\t\t\t\t\t<\/div>\n\t\t\t\t<\/div>\n\t\t\t\t<\/div>\n\t\t\t\t\t<\/div>\n\t\t\t\t<\/div>\n\t\t<div class=\"elementor-element elementor-element-c3cc781 e-flex e-con-boxed e-con e-parent\" data-id=\"c3cc781\" data-element_type=\"container\">\n\t\t\t\t\t<div class=\"e-con-inner\">\n\t\t\t\t<div class=\"elementor-element elementor-element-7571457 elementor-widget elementor-widget-heading\" data-id=\"7571457\" data-element_type=\"widget\" data-widget_type=\"heading.default\">\n\t\t\t\t<div class=\"elementor-widget-container\">\n\t\t\t\t\t<h2 class=\"elementor-heading-title elementor-size-default\">Agenda<\/h2>\t\t\t\t<\/div>\n\t\t\t\t<\/div>\n\t\t\t\t<div class=\"elementor-element elementor-element-fa5928f elementor-widget elementor-widget-text-editor\" data-id=\"fa5928f\" data-element_type=\"widget\" data-widget_type=\"text-editor.default\">\n\t\t\t\t<div class=\"elementor-widget-container\">\n\t\t\t\t\t\t\t\t\t\t\t<div id=\"bookacti-form-25-2016072622\" class=\"bookacti-form-fields bookacti-booking-form-25 \" autocomplete=\"off\" >\n\t\t\t\t<input type='hidden' name='form_id' value='25'\/>\n\t\t\t<input type='hidden' name='action' value=''\/>\n\t\t\t<div class='bookacti-form-field-container bookacti-form-field-name-calendar bookacti-form-field-type-calendar bookacti-form-field-id-98' id='bookacti-form-field-calendar-98-form-25-2016072622' data-field-name=\"calendar\" data-field-type=\"calendar\" data-field-id=\"98\">\n\t\t\t<div class='bookacti-form-field-content' >\n\t\t\r\n\t<div class='bookacti-booking-system-container' id='bookacti-booking-system-form-25-2016072622-container' >\r\n\t\t<script>\r\n\t\t\t\/\/ Compatibility with Optimization plugins\r\n\t\t\tif( typeof bookacti === 'undefined' ) { var bookacti = { booking_system:[] }; }\r\n\t\t\tbookacti.booking_system[ 'bookacti-booking-system-form-25-2016072622' ] = {\"events\":[],\"events_data\":[],\"events_interval\":{\"start\":\"2026-04-20 02:52:10\",\"end\":\"2026-04-20 02:52:10\"},\"events_min_interval\":[],\"bookings\":[],\"groups_bookings\":[],\"booking_lists\":[],\"activities_data\":[],\"groups_events\":[],\"groups_data\":[],\"group_categories_data\":[],\"no_events\":0,\"id\":\"bookacti-booking-system-form-25-2016072622\",\"class\":\"\",\"hide_availability\":100,\"calendars\":[8],\"activities\":[7,29,20,23,19,16,22,9,28,8,11,10,12,15,2],\"group_categories\":[\"none\"],\"groups_only\":0,\"groups_single_events\":0,\"groups_first_event_only\":0,\"multiple_bookings\":0,\"bookings_only\":0,\"tooltip_booking_list\":0,\"tooltip_booking_list_columns\":[],\"status\":[],\"user_id\":[],\"method\":\"calendar\",\"auto_load\":0,\"start\":\"2026-04-20 02:52:10\",\"end\":\"\",\"trim\":1,\"past_events\":0,\"past_events_bookable\":0,\"days_off\":[],\"check_roles\":1,\"picked_events\":[],\"form_id\":25,\"form_action\":\"redirect_to_product_page\",\"when_perform_form_action\":\"on_event_click\",\"redirect_url_by_activity\":[],\"redirect_url_by_group_category\":[],\"display_data\":{\"slotMinTime\":\"18:00\",\"slotMaxTime\":\"22:00\"},\"product_by_activity\":{\"2\":285,\"7\":277,\"8\":57,\"9\":299,\"10\":306,\"11\":302,\"12\":330,\"19\":769,\"22\":1008,\"23\":1028,\"28\":1203,\"29\":1207},\"product_by_group_category\":[],\"products_page_url\":{\"285\":\"https:\\\/\\\/cooknjoy.fr\\\/index.php\\\/produit\\\/atelier-de-cuisine-mexicaine\\\/\",\"277\":\"https:\\\/\\\/cooknjoy.fr\\\/index.php\\\/produit\\\/atelier-de-cuisine-asiatique\\\/\",\"57\":\"https:\\\/\\\/cooknjoy.fr\\\/index.php\\\/produit\\\/atelier-de-cuisine-italienne\\\/\",\"299\":\"https:\\\/\\\/cooknjoy.fr\\\/index.php\\\/produit\\\/atelier-de-cuisine-indienne\\\/\",\"306\":\"https:\\\/\\\/cooknjoy.fr\\\/index.php\\\/produit\\\/atelier-de-cuisine-libanaise\\\/\",\"302\":\"https:\\\/\\\/cooknjoy.fr\\\/index.php\\\/produit\\\/japonaise\\\/\",\"330\":\"https:\\\/\\\/cooknjoy.fr\\\/index.php\\\/produit\\\/pique-nique-du-monde\\\/\",\"769\":\"https:\\\/\\\/cooknjoy.fr\\\/index.php\\\/produit\\\/atelier-de-cuisine-creole\\\/\",\"1008\":\"https:\\\/\\\/cooknjoy.fr\\\/index.php\\\/produit\\\/gourmet\\\/\",\"1028\":\"https:\\\/\\\/cooknjoy.fr\\\/index.php\\\/produit\\\/atelier-de-cuisine-coreenne\\\/\",\"1203\":\"https:\\\/\\\/cooknjoy.fr\\\/?post_type=product&p=1203\",\"1207\":\"https:\\\/\\\/cooknjoy.fr\\\/index.php\\\/produit\\\/atelier-de-cuisine-chinoise\\\/\"}};\r\n\t\t<\/script>\r\n\t\t\t\t\r\n\t\t<div class='bookacti-booking-system-inputs'>\r\n\t\t\t\t\t<\/div>\r\n\t\t\r\n\t\t\t\t\r\n\t\t<div id='bookacti-booking-system-form-25-2016072622' class='bookacti-booking-system ' >\r\n\t\t\t\t\t<div class='bookacti-calendar-title bookacti-booking-system-title'>\r\n\t\t\tChoisissez un \u00e9v\u00e8nement sur le calendrier\u00a0:\t\t<\/div>\r\n\t\t<div class='bookacti-calendar'><\/div>\r\n\t\t\t<\/div>\r\n\t\t\r\n\t\t\t\t\r\n\t\t<div class='bookacti-picked-events' style='display:none;' >\r\n\t\t\t<div class='bookacti-picked-events-list-title' ><\/div>\r\n\t\t\t<ul class='bookacti-picked-events-list bookacti-custom-scrollbar' >\r\n\t\t\t\t\t\t\t<\/ul>\r\n\t\t<\/div>\r\n\t\t\r\n\t\t<div class='bookacti-notices' style='display:none;' >\r\n\t\t\t\t\t<\/div>\r\n\t\t\r\n\t\t<div class='bookacti-tooltips-container'>\r\n\t\t\t\t\t<\/div>\r\n\t\t\r\n\t\t\t<\/div>\r\n\t<div id='bookacti-booking-system-form-25-2016072622-dialogs' class='bookacti-booking-system-dialogs' >\r\n\t\t\t<!-- Choose a group of events -->\r\n\t<div id='bookacti-booking-system-form-25-2016072622-choose-group-of-events-dialog' \r\n\t\t data-booking-system-id='bookacti-booking-system-form-25-2016072622' \r\n\t\t class='bookacti-backend-dialog bookacti-choose-group-of-events-dialog bookacti-booking-system-dialog' \r\n\t\t title='Cet \u00e9v\u00e8nement est disponible dans plusieurs groupes' \r\n\t\t style='display:none;' >\r\n\t\tQuel groupe d&#039;\u00e9v\u00e8nements voulez-vous s\u00e9lectionner&nbsp;?\t\t<div id='bookacti-booking-system-form-25-2016072622-groups-of-events-list' class='bookacti-groups-of-events-list' ><\/div>\r\n\t<\/div>\r\n\r\n\t\t<\/div>\r\n\t\t\t<\/div>\n\t<\/div>\n\t<div class='bookacti-form-field-container bookacti-form-field-name-quantity bookacti-form-field-type-quantity  bookacti-hidden-field' id='bookacti-compulsory-quantity-field' data-field-name=\"quantity\" data-field-type=\"quantity\">\n\t\t\t<div class='bookacti-form-field-label' >\n\t\t\t<label>\n\t\t\tQuantit\u00e9<span class=\"bookacti-required-field-indicator\" title=\"Champ obligatoire\"><\/span>\t\t\t<\/label>\n\t\t\t\t<\/div>\n\t\t\t<div class='bookacti-form-field-content' >\n\t\t\t\t<input type='number' \r\n\t\t\t\tname='quantity' \r\n\t\t\t\tvalue='1' \r\n\t\t\t\tautocomplete='off'\r\n\t\t\t\tid='22be78fafd8f50f1ab7af1c19b1b7143' \r\n\t\t\t\tclass='bookacti-input bookacti-form-field bookacti-quantity' \r\n\t\t\t\t\t\t\tplaceholder='' \r\n\t\t\t\t\t\t\tmin='1' \r\n\t\t\t\tmax=''\r\n\t\t\t\tstep=''\r\n\t\t\t\t\t\/>\r\n\t\t\t<\/div>\n\t<\/div>\n\t\t\t<div class='bookacti-notices' style='display:none;'><\/div>\n\t\t\t<\/div>\n\t\t\t\t\t\t\t\t\t<\/div>\n\t\t\t\t<\/div>\n\t\t\t\t\t<\/div>\n\t\t\t\t<\/div>\n\t\t<div class=\"elementor-element elementor-element-27d56df e-flex e-con-boxed e-con e-parent\" data-id=\"27d56df\" data-element_type=\"container\">\n\t\t\t\t\t<div class=\"e-con-inner\">\n\t\t<div class=\"elementor-element elementor-element-6e81be7 e-con-full e-flex e-con e-child\" data-id=\"6e81be7\" data-element_type=\"container\">\n\t\t\t\t<div class=\"elementor-element elementor-element-4c7b069 elementor-widget elementor-widget-image\" data-id=\"4c7b069\" data-element_type=\"widget\" data-widget_type=\"image.default\">\n\t\t\t\t<div class=\"elementor-widget-container\">\n\t\t\t\t\t\t\t\t\t\t\t\t\t\t\t<img decoding=\"async\" width=\"1024\" height=\"683\" src=\"https:\/\/cooknjoy.fr\/wp-content\/uploads\/2024\/05\/DSC01548.jpg\" class=\"attachment-large size-large wp-image-505\" alt=\"\" srcset=\"https:\/\/cooknjoy.fr\/wp-content\/uploads\/2024\/05\/DSC01548.jpg 1024w, https:\/\/cooknjoy.fr\/wp-content\/uploads\/2024\/05\/DSC01548-300x200.jpg 300w, https:\/\/cooknjoy.fr\/wp-content\/uploads\/2024\/05\/DSC01548-768x512.jpg 768w, https:\/\/cooknjoy.fr\/wp-content\/uploads\/2024\/05\/DSC01548-600x400.jpg 600w\" sizes=\"(max-width: 1024px) 100vw, 1024px\" \/>\t\t\t\t\t\t\t\t\t\t\t\t\t\t\t<\/div>\n\t\t\t\t<\/div>\n\t\t\t\t<\/div>\n\t\t<div class=\"elementor-element elementor-element-5d868ef e-con-full e-flex e-con e-child\" data-id=\"5d868ef\" data-element_type=\"container\">\n\t\t\t\t<div class=\"elementor-element elementor-element-3ffc4e8 elementor-widget elementor-widget-heading\" data-id=\"3ffc4e8\" data-element_type=\"widget\" data-widget_type=\"heading.default\">\n\t\t\t\t<div class=\"elementor-widget-container\">\n\t\t\t\t\t<h2 class=\"elementor-heading-title elementor-size-default\">Ateliers privatifs<\/h2>\t\t\t\t<\/div>\n\t\t\t\t<\/div>\n\t\t\t\t<div class=\"elementor-element elementor-element-6e0b281 elementor-widget elementor-widget-text-editor\" data-id=\"6e0b281\" data-element_type=\"widget\" data-widget_type=\"text-editor.default\">\n\t\t\t\t<div class=\"elementor-widget-container\">\n\t\t\t\t\t\t\t\t\t<p>Pour ceux qui recherchent une exp\u00e9rience culinaire plus personnalis\u00e9e, nos ateliers privatifs sont la solution id\u00e9ale. Parfaits pour c\u00e9l\u00e9brer un anniversaire, organiser un \u00e9v\u00e9nement d\u2019entreprise, un enterrement de vie de jeune fille (EVJF) ou renforcer la coh\u00e9sion de votre \u00e9quipe lors d&#8217;un team building, ces ateliers sont modulables selon vos besoins. Encadr\u00e9s par le talentueux Chef Thibaut Bertin, ces ateliers offrent une occasion unique de cuisiner dans une atmosph\u00e8re intime et conviviale, avec un groupe de 6 \u00e0 10 participants. \u00c0 partir de 65 euros par personne, vous pouvez vivre une aventure culinaire sur mesure, en choisissant vos recettes parmi celles propos\u00e9es, et en profitant d\u2019une d\u00e9gustation festive de vos cr\u00e9ations.<\/p>\t\t\t\t\t\t\t\t<\/div>\n\t\t\t\t<\/div>\n\t\t\t\t<div class=\"elementor-element elementor-element-f1670ba elementor-widget elementor-widget-button\" data-id=\"f1670ba\" data-element_type=\"widget\" data-widget_type=\"button.default\">\n\t\t\t\t<div class=\"elementor-widget-container\">\n\t\t\t\t\t\t\t\t\t<div class=\"elementor-button-wrapper\">\n\t\t\t\t\t<a class=\"elementor-button elementor-button-link elementor-size-sm\" href=\"https:\/\/cooknjoy.fr\/index.php\/ateliers-privatifs\/\">\n\t\t\t\t\t\t<span class=\"elementor-button-content-wrapper\">\n\t\t\t\t\t\t\t\t\t<span class=\"elementor-button-text\">D\u00e9couvrez nos ateliers privatifs<\/span>\n\t\t\t\t\t<\/span>\n\t\t\t\t\t<\/a>\n\t\t\t\t<\/div>\n\t\t\t\t\t\t\t\t<\/div>\n\t\t\t\t<\/div>\n\t\t\t\t<\/div>\n\t\t\t\t\t<\/div>\n\t\t\t\t<\/div>\n\t\t\t\t<\/div>\n\t\t","protected":false},"excerpt":{"rendered":"<p>Ateliers collectifs Chez Cook N Joy, nous proposons des ateliers collectifs passionnants pour tous les amateurs de cuisine. Nos ateliers collectifs vous invitent \u00e0 un voyage culinaire \u00e0 travers diverses cultures, o\u00f9 vous apprendrez \u00e0 pr\u00e9parer des plats authentiques et savoureux des quatre coins du globe. Que vous soyez un novice ou un cuisinier exp\u00e9riment\u00e9, [&hellip;]<\/p>\n","protected":false},"author":1,"featured_media":0,"parent":0,"menu_order":0,"comment_status":"closed","ping_status":"closed","template":"","meta":{"footnotes":""},"class_list":["post-789","page","type-page","status-publish","hentry","entry","owp-thumbs-layout-horizontal","owp-btn-normal","owp-tabs-layout-horizontal","has-no-thumbnails","has-product-nav"],"_links":{"self":[{"href":"https:\/\/cooknjoy.fr\/index.php\/wp-json\/wp\/v2\/pages\/789","targetHints":{"allow":["GET"]}}],"collection":[{"href":"https:\/\/cooknjoy.fr\/index.php\/wp-json\/wp\/v2\/pages"}],"about":[{"href":"https:\/\/cooknjoy.fr\/index.php\/wp-json\/wp\/v2\/types\/page"}],"author":[{"embeddable":true,"href":"https:\/\/cooknjoy.fr\/index.php\/wp-json\/wp\/v2\/users\/1"}],"replies":[{"embeddable":true,"href":"https:\/\/cooknjoy.fr\/index.php\/wp-json\/wp\/v2\/comments?post=789"}],"version-history":[{"count":36,"href":"https:\/\/cooknjoy.fr\/index.php\/wp-json\/wp\/v2\/pages\/789\/revisions"}],"predecessor-version":[{"id":1546,"href":"https:\/\/cooknjoy.fr\/index.php\/wp-json\/wp\/v2\/pages\/789\/revisions\/1546"}],"wp:attachment":[{"href":"https:\/\/cooknjoy.fr\/index.php\/wp-json\/wp\/v2\/media?parent=789"}],"curies":[{"name":"wp","href":"https:\/\/api.w.org\/{rel}","templated":true}]}}