{"id":644,"date":"2024-05-21T19:16:10","date_gmt":"2024-05-21T17:16:10","guid":{"rendered":"https:\/\/cooknjoy.fr\/?page_id=644"},"modified":"2025-09-11T09:13:13","modified_gmt":"2025-09-11T07:13:13","slug":"mentions-legales","status":"publish","type":"page","link":"https:\/\/cooknjoy.fr\/index.php\/mentions-legales\/","title":{"rendered":"Mentions l\u00e9gales"},"content":{"rendered":"\n<h4 class=\"wp-block-heading\">1. \u00c9diteur du site<\/h4>\n\n\n\n<p><strong>BERTIN 2.0<\/strong><br>Soci\u00e9t\u00e9 \u00e0 responsabilit\u00e9 limit\u00e9e (SARL) au capital de 5 000 \u20ac<br>RCS Lorient | SIRET 98527613800015<br>Si\u00e8ge social : 5 rue G\u00e9n\u00e9ral Dubail, 56100 Lorient, France<br>T\u00e9l\u00e9phone : 06 32 92 00 41<br>Email : contact@cooknjoy.fr<br>Directeur de la publication : Thibaut Bertin<\/p>\n\n\n\n<h4 class=\"wp-block-heading\">2. H\u00e9bergement du site<\/h4>\n\n\n\n<p><strong>OVH<\/strong><br>SAS au capital de 10 174 160 \u20ac<br>Si\u00e8ge social : 2 rue Kellerman, 59100 Roubaix, France<br>Site web : <a href=\"https:\/\/ovh.com\/\">https:\/\/ovh.com\/<\/a><\/p>\n\n\n\n<h4 class=\"wp-block-heading\">3. Propri\u00e9t\u00e9 intellectuelle<\/h4>\n\n\n\n<p>L&#8217;ensemble du contenu du site <strong>www.cooknjoy.fr<\/strong> (textes, images, graphismes, logo, ic\u00f4nes, etc.) est la propri\u00e9t\u00e9 exclusive de<strong> BERTIN 2.0<\/strong>, \u00e0 l&#8217;exception des marques, logos ou contenus appartenant \u00e0 d&#8217;autres soci\u00e9t\u00e9s partenaires ou auteurs.<\/p>\n\n\n\n<p>Toute reproduction, distribution, modification, adaptation, retransmission ou publication, m\u00eame partielle, de ces diff\u00e9rents \u00e9l\u00e9ments est strictement interdite sans l&#8217;accord expr\u00e8s par \u00e9crit de <strong>BERTIN 2.0<\/strong>. Cette repr\u00e9sentation ou reproduction, par quelque proc\u00e9d\u00e9 que ce soit, constitue une contrefa\u00e7on sanctionn\u00e9e par les articles L.335-2 et suivants du Code de la propri\u00e9t\u00e9 intellectuelle.<\/p>\n\n\n\n<h4 class=\"wp-block-heading\">4. Protection des donn\u00e9es personnelles<\/h4>\n\n\n\n<p><strong>BERTIN 2.0<\/strong> s&#8217;engage \u00e0 ce que la collecte et le traitement de vos donn\u00e9es, effectu\u00e9s \u00e0 partir du site www.cooknjoy.fr, soient conformes au R\u00e8glement G\u00e9n\u00e9ral sur la Protection des Donn\u00e9es (RGPD) et \u00e0 la loi Informatique et Libert\u00e9s.<\/p>\n\n\n\n<p>Pour toute information ou exercice de vos droits Informatique et Libert\u00e9s sur les traitements de donn\u00e9es personnelles g\u00e9r\u00e9s par <strong>BERTIN 2.0<\/strong>, vous pouvez contacter son d\u00e9l\u00e9gu\u00e9 \u00e0 la protection des donn\u00e9es (DPO) :<\/p>\n\n\n\n<p>Email : contact@cooknjoy.fr<\/p>\n\n\n\n<h4 class=\"wp-block-heading\">5. Cookies<\/h4>\n\n\n\n<p>Le site <strong>www.cooknjoy.fr<\/strong> peut-\u00eatre amen\u00e9 \u00e0 vous demander l\u2019acceptation des cookies pour des besoins de statistiques et d&#8217;affichage. Un cookie est une information d\u00e9pos\u00e9e sur votre disque dur par le serveur du site que vous visitez.<\/p>\n\n\n\n<h4 class=\"wp-block-heading\">6. Limitation de responsabilit\u00e9<\/h4>\n\n\n\n<p><strong>BERTIN 2.0<\/strong> ne pourra \u00eatre tenu responsable des dommages directs et indirects caus\u00e9s au mat\u00e9riel de l\u2019utilisateur, lors de l\u2019acc\u00e8s au site www.cooknjoy.fr et r\u00e9sultant soit de l\u2019utilisation d\u2019un mat\u00e9riel ne r\u00e9pondant pas aux sp\u00e9cifications indiqu\u00e9es au point 4, soit de l\u2019apparition d\u2019un bug ou d\u2019une incompatibilit\u00e9.<\/p>\n\n\n\n<p><strong>BERTIN 2.0<\/strong> ne pourra \u00e9galement \u00eatre tenu responsable des dommages indirects (tels par exemple qu\u2019une perte de march\u00e9 ou perte d\u2019une chance) cons\u00e9cutifs \u00e0 l\u2019utilisation du site www.cooknjoy.fr.<\/p>\n\n\n\n<h4 class=\"wp-block-heading\">7. Droit applicable et attribution de juridiction<\/h4>\n\n\n\n<p>Tout litige en relation avec l\u2019utilisation du site www.cooknjoy.fr est soumis au droit fran\u00e7ais. Il est fait attribution exclusive de juridiction aux tribunaux comp\u00e9tents de Lorient.<\/p>\n\n\n\n<h4 class=\"wp-block-heading\">8. Contact<\/h4>\n\n\n\n<p>Pour toute question, information sur les produits pr\u00e9sent\u00e9s sur le site, ou concernant le site lui-m\u00eame, vous pouvez laisser un message \u00e0 l\u2019adresse suivante : contact@cooknjoy.fr<\/p>\n","protected":false},"excerpt":{"rendered":"<p>1. \u00c9diteur du site BERTIN 2.0Soci\u00e9t\u00e9 \u00e0 responsabilit\u00e9 limit\u00e9e (SARL) au capital de 5 000 \u20acRCS Lorient | SIRET 98527613800015Si\u00e8ge social : 5 rue G\u00e9n\u00e9ral Dubail, 56100 Lorient, FranceT\u00e9l\u00e9phone : 06 32 92 00 41Email : contact@cooknjoy.frDirecteur de la publication : Thibaut Bertin 2. H\u00e9bergement du site OVHSAS au capital de 10 174 160 \u20acSi\u00e8ge [&hellip;]<\/p>\n","protected":false},"author":1,"featured_media":0,"parent":0,"menu_order":0,"comment_status":"closed","ping_status":"closed","template":"","meta":{"footnotes":""},"class_list":["post-644","page","type-page","status-publish","hentry","entry","owp-thumbs-layout-horizontal","owp-btn-normal","owp-tabs-layout-horizontal","has-no-thumbnails","has-product-nav"],"_links":{"self":[{"href":"https:\/\/cooknjoy.fr\/index.php\/wp-json\/wp\/v2\/pages\/644","targetHints":{"allow":["GET"]}}],"collection":[{"href":"https:\/\/cooknjoy.fr\/index.php\/wp-json\/wp\/v2\/pages"}],"about":[{"href":"https:\/\/cooknjoy.fr\/index.php\/wp-json\/wp\/v2\/types\/page"}],"author":[{"embeddable":true,"href":"https:\/\/cooknjoy.fr\/index.php\/wp-json\/wp\/v2\/users\/1"}],"replies":[{"embeddable":true,"href":"https:\/\/cooknjoy.fr\/index.php\/wp-json\/wp\/v2\/comments?post=644"}],"version-history":[{"count":3,"href":"https:\/\/cooknjoy.fr\/index.php\/wp-json\/wp\/v2\/pages\/644\/revisions"}],"predecessor-version":[{"id":1778,"href":"https:\/\/cooknjoy.fr\/index.php\/wp-json\/wp\/v2\/pages\/644\/revisions\/1778"}],"wp:attachment":[{"href":"https:\/\/cooknjoy.fr\/index.php\/wp-json\/wp\/v2\/media?parent=644"}],"curies":[{"name":"wp","href":"https:\/\/api.w.org\/{rel}","templated":true}]}}