{"id":326,"date":"2024-05-19T03:18:45","date_gmt":"2024-05-19T01:18:45","guid":{"rendered":"https:\/\/cooknjoy.fr\/?page_id=326"},"modified":"2025-10-25T07:07:46","modified_gmt":"2025-10-25T05:07:46","slug":"carte-cadeau","status":"publish","type":"page","link":"https:\/\/cooknjoy.fr\/index.php\/carte-cadeau\/","title":{"rendered":"Carte cadeau"},"content":{"rendered":"\t\t<div data-elementor-type=\"wp-page\" data-elementor-id=\"326\" class=\"elementor elementor-326\">\n\t\t\t\t<div class=\"elementor-element elementor-element-67506ad e-flex e-con-boxed e-con e-parent\" data-id=\"67506ad\" data-element_type=\"container\">\n\t\t\t\t\t<div class=\"e-con-inner\">\n\t\t\t\t<div class=\"elementor-element elementor-element-2556310 elementor-widget elementor-widget-heading\" data-id=\"2556310\" data-element_type=\"widget\" data-widget_type=\"heading.default\">\n\t\t\t\t<div class=\"elementor-widget-container\">\n\t\t\t\t\t<h2 class=\"elementor-heading-title elementor-size-default\">Envie de faire plaisir ? <\/h2>\t\t\t\t<\/div>\n\t\t\t\t<\/div>\n\t\t\t\t\t<\/div>\n\t\t\t\t<\/div>\n\t\t<div class=\"elementor-element elementor-element-584bf8c e-flex e-con-boxed e-con e-parent\" data-id=\"584bf8c\" data-element_type=\"container\">\n\t\t\t\t\t<div class=\"e-con-inner\">\n\t\t<div class=\"elementor-element elementor-element-0762e75 e-con-full e-flex e-con e-child\" data-id=\"0762e75\" data-element_type=\"container\">\n\t\t\t\t<div class=\"elementor-element elementor-element-dd92537 elementor-widget elementor-widget-text-editor\" data-id=\"dd92537\" data-element_type=\"widget\" data-widget_type=\"text-editor.default\">\n\t\t\t\t<div class=\"elementor-widget-container\">\n\t\t\t\t\t\t\t\t\t<p><span style=\"font-size: 14px; color: var( --e-global-color-text ); text-align: var(--text-align);\">Offrez une exp\u00e9rience culinaire inoubliable avec nos cartes cadeaux !\u00a0<\/span><\/p><p><span style=\"font-size: 14px; color: var( --e-global-color-text ); text-align: var(--text-align);\">Parfaits pour toutes les occasions, nos cartes cadeaux permettent \u00e0 vos proches de choisir parmi une vari\u00e9t\u00e9 de cours de cuisine \u00e0 Lorient. Qu&#8217;ils soient amateurs de cuisine ou chefs en herbe, ils pourront d\u00e9couvrir de nouvelles techniques et recettes dans une ambiance conviviale et professionnelle.\u00a0<\/span><\/p><p><span style=\"font-size: 14px; color: var( --e-global-color-text ); text-align: var(--text-align);\">Offrez le plaisir de cuisiner et de partager des moments gourmands avec Cook N Joy !<\/span><\/p>\t\t\t\t\t\t\t\t<\/div>\n\t\t\t\t<\/div>\n\t\t\t\t<\/div>\n\t\t<div class=\"elementor-element elementor-element-9987b98 e-con-full e-flex e-con e-child\" data-id=\"9987b98\" data-element_type=\"container\">\n\t\t\t\t<div class=\"elementor-element elementor-element-5e7669e elementor-widget elementor-widget-image\" data-id=\"5e7669e\" data-element_type=\"widget\" data-widget_type=\"image.default\">\n\t\t\t\t<div class=\"elementor-widget-container\">\n\t\t\t\t\t\t\t\t\t\t\t\t\t\t\t<img fetchpriority=\"high\" decoding=\"async\" width=\"300\" height=\"200\" src=\"https:\/\/cooknjoy.fr\/wp-content\/uploads\/2025\/06\/Carte-Cadeau-300x200.png\" class=\"attachment-medium size-medium wp-image-1630\" alt=\"\" srcset=\"https:\/\/cooknjoy.fr\/wp-content\/uploads\/2025\/06\/Carte-Cadeau-300x200.png 300w, https:\/\/cooknjoy.fr\/wp-content\/uploads\/2025\/06\/Carte-Cadeau-768x512.png 768w, https:\/\/cooknjoy.fr\/wp-content\/uploads\/2025\/06\/Carte-Cadeau-600x400.png 600w, https:\/\/cooknjoy.fr\/wp-content\/uploads\/2025\/06\/Carte-Cadeau.png 1000w\" sizes=\"(max-width: 300px) 100vw, 300px\" \/>\t\t\t\t\t\t\t\t\t\t\t\t\t\t\t<\/div>\n\t\t\t\t<\/div>\n\t\t\t\t<\/div>\n\t\t\t\t<div class=\"elementor-element elementor-element-63472d1 elementor-widget-divider--view-line elementor-widget elementor-widget-divider\" data-id=\"63472d1\" data-element_type=\"widget\" data-widget_type=\"divider.default\">\n\t\t\t\t<div class=\"elementor-widget-container\">\n\t\t\t\t\t\t\t<div class=\"elementor-divider\">\n\t\t\t<span class=\"elementor-divider-separator\">\n\t\t\t\t\t\t<\/span>\n\t\t<\/div>\n\t\t\t\t\t\t<\/div>\n\t\t\t\t<\/div>\n\t\t<div class=\"elementor-element elementor-element-772a49d e-con-full e-flex e-con e-child\" data-id=\"772a49d\" data-element_type=\"container\">\n\t\t\t\t<div class=\"elementor-element elementor-element-360b03b elementor-align-center elementor-widget elementor-widget-button\" data-id=\"360b03b\" data-element_type=\"widget\" data-widget_type=\"button.default\">\n\t\t\t\t<div class=\"elementor-widget-container\">\n\t\t\t\t\t\t\t\t\t<div class=\"elementor-button-wrapper\">\n\t\t\t\t\t<a class=\"elementor-button elementor-button-link elementor-size-sm\" href=\"https:\/\/cooknjoy.fr\/index.php\/produit\/bon-cadeau\/\">\n\t\t\t\t\t\t<span class=\"elementor-button-content-wrapper\">\n\t\t\t\t\t\t\t\t\t<span class=\"elementor-button-text\">Achetez une carte cadeau<\/span>\n\t\t\t\t\t<\/span>\n\t\t\t\t\t<\/a>\n\t\t\t\t<\/div>\n\t\t\t\t\t\t\t\t<\/div>\n\t\t\t\t<\/div>\n\t\t\t\t<div class=\"elementor-element elementor-element-cd50e93 elementor-widget elementor-widget-heading\" data-id=\"cd50e93\" data-element_type=\"widget\" data-widget_type=\"heading.default\">\n\t\t\t\t<div class=\"elementor-widget-container\">\n\t\t\t\t\t<h2 class=\"elementor-heading-title elementor-size-default\"><br><h3 style=\"font-family: Roboto, sans-serif;font-style: normal\"><b style=\"font-size: 18px\">\ud83c\udf81&nbsp;<\/b><span style=\"font-family: Roboto, sans-serif;font-size: 20px;font-weight: 600\">Comment \u00e7a marche ?<\/span><span style=\"font-family: Roboto, sans-serif;font-size: 20px;font-weight: 600\"><\/span><\/h3><\/h2>\t\t\t\t<\/div>\n\t\t\t\t<\/div>\n\t\t\t\t<div class=\"elementor-element elementor-element-781dcb5 elementor-widget elementor-widget-text-editor\" data-id=\"781dcb5\" data-element_type=\"widget\" data-widget_type=\"text-editor.default\">\n\t\t\t\t<div class=\"elementor-widget-container\">\n\t\t\t\t\t\t\t\t\t<p><b>\ud83d\udecd\ufe0f Achetez une carte cadeau Cook N Joy<\/b><b><\/b><\/p>\n<p>Choisissez le montant et envoyez-la par email \u00e0 la personne de votre choix.<\/p>\n<p><b>\ud83d\udce9 Le destinataire re\u00e7oit sa carte cadeau&nbsp; par mail<\/b><b><\/b><\/p>\n<p>La carte cadeau arrive directement dans sa bo\u00eete mail, pr\u00eate \u00e0 \u00eatre utilis\u00e9e.<\/p>\n<p><b style=\"font-size: 14px;\">\ud83d\udc68\u200d\ud83c\udf73 Il choisit son atelier sur cooknjoy.fr<\/b><\/p>\n<p>Le b\u00e9n\u00e9ficiaire s\u00e9lectionne l\u2019atelier de cuisine qui lui pla\u00eet.<\/p>\n<p><b>\ud83d\udcb3 Il utilise sa carte cadeau au moment du paiement<\/b><b><\/b><\/p>\n<p>Si le montant de la carte cadeau couvre exactement le prix de l\u2019atelier, il n\u2019a rien \u00e0 payer.<\/p>\n<p>Si le prix est plus \u00e9lev\u00e9, il peut r\u00e9gler la diff\u00e9rence par carte bancaire.<\/p>\n<p>Si le prix est plus bas, le solde reste disponible pour une prochaine commande.<\/p>\n<p><span style=\"font: 13px '.Apple Color Emoji UI'; color: #000000; text-align: start;\">&nbsp;<\/span><\/p>\n<p><span style=\"font: 13px '.Apple Color Emoji UI'; color: #000000; text-align: start;\">\ud83d\udce9<\/span><b style=\"font-variant-ligatures: normal; font-variant-caps: normal; font-family: 'Helvetica Neue'; font-size: 13px; font-style: normal; color: #000000; text-align: start;\">&nbsp; IMPORTANT&nbsp;<\/b><span style=\"font: 13px '.Apple Color Emoji UI'; color: #000000; text-align: start;\">\ud83d\udce9<\/span><b style=\"font-style: normal; font-variant-ligatures: normal; font-variant-caps: normal; font-family: 'Helvetica Neue'; font-size: 13px; color: #000000; text-align: start;\">&nbsp;<\/b><\/p>\n<p><span>Chaque carte cadeau est <\/span><b>valable pendant 1 an \u00e0 compter de la date d\u2019achat<\/b><span> et permet de r\u00e9server l\u2019un de nos ateliers parmi <\/span><b>plus de 150 cours de cuisine propos\u00e9s tout au long de l\u2019ann\u00e9e.&nbsp;<\/b><span style=\"font-size: 14px;\">Nous vous invitons \u00e0 planifier votre atelier dans ce d\u00e9lai, car la dur\u00e9e de validit\u00e9 <\/span><span style=\"font-size: 14px;\"><b>ne peut pas \u00eatre prolong\u00e9e<\/b><\/span><span style=\"font-size: 14px;\"> et la carte cadeau devient automatiquement expir\u00e9e une fois ce d\u00e9lai d\u00e9pass\u00e9.&nbsp;<\/span><span style=\"font-size: 14px;\">Aucune demande de remboursement ou de prolongation ne pourra \u00eatre accept\u00e9e.<\/span><\/p>\n<p>La carte cadeau est <b>envoy\u00e9e automatiquement<\/b> apr\u00e8s l&#8217;achat, \u00e0 l&#8217;adresse e-mail indiqu\u00e9e au moment de la commande. <b>Pensez \u00e0 bien v\u00e9rifier vos spams<\/b> (courriers ind\u00e9sirables) ! Si vous ne recevez pas votre carte cadeau, contactez-nous \u00e0 contact@cooknjoy.fr.<\/p>\t\t\t\t\t\t\t\t<\/div>\n\t\t\t\t<\/div>\n\t\t\t\t<div class=\"elementor-element elementor-element-7049bea elementor-align-center elementor-widget elementor-widget-button\" data-id=\"7049bea\" data-element_type=\"widget\" data-widget_type=\"button.default\">\n\t\t\t\t<div class=\"elementor-widget-container\">\n\t\t\t\t\t\t\t\t\t<div class=\"elementor-button-wrapper\">\n\t\t\t\t\t<a class=\"elementor-button elementor-button-link elementor-size-sm\" href=\"https:\/\/cooknjoy.fr\/index.php\/produit\/bon-cadeau\/\">\n\t\t\t\t\t\t<span class=\"elementor-button-content-wrapper\">\n\t\t\t\t\t\t\t\t\t<span class=\"elementor-button-text\">Achetez une carte cadeau<\/span>\n\t\t\t\t\t<\/span>\n\t\t\t\t\t<\/a>\n\t\t\t\t<\/div>\n\t\t\t\t\t\t\t\t<\/div>\n\t\t\t\t<\/div>\n\t\t\t\t<\/div>\n\t\t\t\t\t<\/div>\n\t\t\t\t<\/div>\n\t\t\t\t<\/div>\n\t\t","protected":false},"excerpt":{"rendered":"<p>Envie de faire plaisir ? Offrez une exp\u00e9rience culinaire inoubliable avec nos cartes cadeaux !\u00a0 Parfaits pour toutes les occasions, nos cartes cadeaux permettent \u00e0 vos proches de choisir parmi une vari\u00e9t\u00e9 de cours de cuisine \u00e0 Lorient. Qu&#8217;ils soient amateurs de cuisine ou chefs en herbe, ils pourront d\u00e9couvrir de nouvelles techniques et recettes [&hellip;]<\/p>\n","protected":false},"author":1,"featured_media":0,"parent":0,"menu_order":0,"comment_status":"closed","ping_status":"closed","template":"","meta":{"footnotes":""},"class_list":["post-326","page","type-page","status-publish","hentry","entry","owp-thumbs-layout-horizontal","owp-btn-normal","owp-tabs-layout-horizontal","has-no-thumbnails","has-product-nav"],"_links":{"self":[{"href":"https:\/\/cooknjoy.fr\/index.php\/wp-json\/wp\/v2\/pages\/326","targetHints":{"allow":["GET"]}}],"collection":[{"href":"https:\/\/cooknjoy.fr\/index.php\/wp-json\/wp\/v2\/pages"}],"about":[{"href":"https:\/\/cooknjoy.fr\/index.php\/wp-json\/wp\/v2\/types\/page"}],"author":[{"embeddable":true,"href":"https:\/\/cooknjoy.fr\/index.php\/wp-json\/wp\/v2\/users\/1"}],"replies":[{"embeddable":true,"href":"https:\/\/cooknjoy.fr\/index.php\/wp-json\/wp\/v2\/comments?post=326"}],"version-history":[{"count":47,"href":"https:\/\/cooknjoy.fr\/index.php\/wp-json\/wp\/v2\/pages\/326\/revisions"}],"predecessor-version":[{"id":1886,"href":"https:\/\/cooknjoy.fr\/index.php\/wp-json\/wp\/v2\/pages\/326\/revisions\/1886"}],"wp:attachment":[{"href":"https:\/\/cooknjoy.fr\/index.php\/wp-json\/wp\/v2\/media?parent=326"}],"curies":[{"name":"wp","href":"https:\/\/api.w.org\/{rel}","templated":true}]}}