{"id":172,"date":"2024-04-05T23:42:58","date_gmt":"2024-04-05T21:42:58","guid":{"rendered":"https:\/\/cooknjoy.fr\/?page_id=172"},"modified":"2024-05-22T00:42:08","modified_gmt":"2024-05-21T22:42:08","slug":"le-chef","status":"publish","type":"page","link":"https:\/\/cooknjoy.fr\/index.php\/le-chef\/","title":{"rendered":"Le Chef"},"content":{"rendered":"\t\t<div data-elementor-type=\"wp-page\" data-elementor-id=\"172\" class=\"elementor elementor-172\">\n\t\t\t\t<div class=\"elementor-element elementor-element-66d9a0a e-flex e-con-boxed e-con e-parent\" data-id=\"66d9a0a\" data-element_type=\"container\">\n\t\t\t\t\t<div class=\"e-con-inner\">\n\t\t<div class=\"elementor-element elementor-element-86c5585 e-con-full e-flex e-con e-child\" data-id=\"86c5585\" data-element_type=\"container\">\n\t\t\t\t<div class=\"elementor-element elementor-element-3fd9a84 elementor-widget elementor-widget-image\" data-id=\"3fd9a84\" data-element_type=\"widget\" data-widget_type=\"image.default\">\n\t\t\t\t<div class=\"elementor-widget-container\">\n\t\t\t\t\t\t\t\t\t\t\t\t\t\t\t<img fetchpriority=\"high\" decoding=\"async\" width=\"427\" height=\"640\" src=\"https:\/\/cooknjoy.fr\/wp-content\/uploads\/2024\/04\/Chef_2.jpg\" class=\"attachment-large size-large wp-image-212\" alt=\"\" srcset=\"https:\/\/cooknjoy.fr\/wp-content\/uploads\/2024\/04\/Chef_2.jpg 427w, https:\/\/cooknjoy.fr\/wp-content\/uploads\/2024\/04\/Chef_2-200x300.jpg 200w\" sizes=\"(max-width: 427px) 100vw, 427px\" \/>\t\t\t\t\t\t\t\t\t\t\t\t\t\t\t<\/div>\n\t\t\t\t<\/div>\n\t\t\t\t<\/div>\n\t\t<div class=\"elementor-element elementor-element-e743720 e-con-full e-flex e-con e-child\" data-id=\"e743720\" data-element_type=\"container\">\n\t\t\t\t<div class=\"elementor-element elementor-element-16fe20c elementor-widget elementor-widget-heading\" data-id=\"16fe20c\" data-element_type=\"widget\" data-widget_type=\"heading.default\">\n\t\t\t\t<div class=\"elementor-widget-container\">\n\t\t\t\t\t<h2 class=\"elementor-heading-title elementor-size-default\">Qui suis-je ?<\/h2>\t\t\t\t<\/div>\n\t\t\t\t<\/div>\n\t\t\t\t<div class=\"elementor-element elementor-element-345e3e8 elementor-widget elementor-widget-text-editor\" data-id=\"345e3e8\" data-element_type=\"widget\" data-widget_type=\"text-editor.default\">\n\t\t\t\t<div class=\"elementor-widget-container\">\n\t\t\t\t\t\t\t\t\t<p style=\"font-variant-ligatures: normal; font-variant-caps: normal; font-family: Roboto, sans-serif; font-size: 14px; font-style: normal; font-weight: 400;\">Bonjour,&nbsp;<\/p>\n<p style=\"font-variant-ligatures: normal; font-variant-caps: normal; font-family: Roboto, sans-serif; font-size: 14px; font-style: normal; font-weight: 400;\"><span style=\"font-family: Roboto, sans-serif; font-size: 14px; font-style: normal; font-variant-ligatures: normal; font-variant-caps: normal; font-weight: 400; color: var( --e-global-color-text ); text-align: var(--text-align);\">Je suis Thibaut Bertin, un chef fran\u00e7ais avec plus de 15 ans d&#8217;exp\u00e9rience en cuisine dans le monde entier, de l&#8217;Espagne aux \u00c9mirats arabes unis, en passant par la Chine et le Royaume-Uni.&nbsp;<\/span><\/p>\n<p style=\"font-variant-ligatures: normal; font-variant-caps: normal; font-family: Roboto, sans-serif; font-size: 14px; font-style: normal; font-weight: 400;\"><span style=\"font-family: Roboto, sans-serif; font-size: 14px; font-style: normal; font-variant-ligatures: normal; font-variant-caps: normal; font-weight: 400; color: var( --e-global-color-text ); text-align: var(--text-align);\">C&#8217;est \u00e0 Duba\u00ef, o\u00f9 j&#8217;ai occup\u00e9 le poste de chef du restaurant Atmosphere Burj Khalifa, entour\u00e9 d&#8217;une \u00e9quipe de 35 collaborateurs venus des quatre coins de la plan\u00e8te, que j&#8217;ai puis\u00e9 l&#8217;inspiration qui se refl\u00e8te aujourd&#8217;hui dans mes plats multiculturels. J&#8217;ai h\u00e2te de partager mes secrets les mieux gard\u00e9s avec vous, et de vous embarquer avec moi pour un voyage culinaire tout en saveurs.&nbsp;<\/span><\/p>\n<p style=\"font-variant-ligatures: normal; font-variant-caps: normal; font-family: Roboto, sans-serif; font-size: 14px; font-style: normal; font-weight: 400;\">La gastronomie est ma passion et ma mission est de faire de la cuisine une exp\u00e9rience joyeuse et agr\u00e9able pour un plus grand nombre de passionn\u00e9s \u00e0 travers le monde.<span class=\"Apple-converted-space\" style=\"font-size: 14px;\">&nbsp;<\/span><span style=\"font-family: Roboto, sans-serif; font-size: 14px; font-style: normal; font-variant-ligatures: normal; font-variant-caps: normal; font-weight: 400; color: var( --e-global-color-text ); text-align: var(--text-align);\">J&#8217;ai ainsi cr\u00e9\u00e9 l\u2019atelier Cook N Joy \u00e0 Lorient en 2024, afin de vous transmettre mes techniques culinaires et mes recettes en temps r\u00e9el, tout en vous guidant pour devenir un meilleur cuisinier.<\/span><span class=\"Apple-converted-space\" style=\"font-family: Roboto, sans-serif; font-size: 14px; font-style: normal; font-variant-ligatures: normal; font-variant-caps: normal; font-weight: 400; color: var( --e-global-color-text ); text-align: var(--text-align);\">&nbsp;<\/span><\/p>\n<p class=\"p1\" style=\"font-variant-ligatures: normal; font-variant-caps: normal; font-family: Roboto, sans-serif; font-size: 14px; font-style: normal; font-weight: 400;\">Mes cours sont con\u00e7us pour toutes les occasions et pour tous, que vous ayez des comp\u00e9tences de base ou que vous soyez un grand cuisinier qui ne cesse d&#8217;apprendre.<\/p>\n<p style=\"font-variant-ligatures: normal; font-variant-caps: normal; font-family: Roboto, sans-serif; font-size: 14px; font-style: normal; font-weight: 400;\">Alors n&#8217;h\u00e9sitez plus, rejoignez-moi \u00e0 l\u2019atelier et cuisinons ensemble !<\/p>\t\t\t\t\t\t\t\t<\/div>\n\t\t\t\t<\/div>\n\t\t\t\t<div class=\"elementor-element elementor-element-998f6b6 elementor-widget elementor-widget-button\" data-id=\"998f6b6\" data-element_type=\"widget\" data-widget_type=\"button.default\">\n\t\t\t\t<div class=\"elementor-widget-container\">\n\t\t\t\t\t\t\t\t\t<div class=\"elementor-button-wrapper\">\n\t\t\t\t\t<a class=\"elementor-button elementor-button-link elementor-size-sm\" href=\"https:\/\/cooknjoy.fr\/index.php\/categorie-produit\/ateliers-de-cuisine\/\">\n\t\t\t\t\t\t<span class=\"elementor-button-content-wrapper\">\n\t\t\t\t\t\t\t\t\t<span class=\"elementor-button-text\">Cuisinez avec moi !<\/span>\n\t\t\t\t\t<\/span>\n\t\t\t\t\t<\/a>\n\t\t\t\t<\/div>\n\t\t\t\t\t\t\t\t<\/div>\n\t\t\t\t<\/div>\n\t\t\t\t<\/div>\n\t\t\t\t\t<\/div>\n\t\t\t\t<\/div>\n\t\t<div class=\"elementor-element elementor-element-5167924 e-grid e-con-boxed e-con e-parent\" data-id=\"5167924\" data-element_type=\"container\">\n\t\t\t\t\t<div class=\"e-con-inner\">\n\t\t\t\t<div class=\"elementor-element elementor-element-f95be4a elementor-widget-divider--view-line elementor-widget elementor-widget-divider\" data-id=\"f95be4a\" data-element_type=\"widget\" data-widget_type=\"divider.default\">\n\t\t\t\t<div class=\"elementor-widget-container\">\n\t\t\t\t\t\t\t<div class=\"elementor-divider\">\n\t\t\t<span class=\"elementor-divider-separator\">\n\t\t\t\t\t\t<\/span>\n\t\t<\/div>\n\t\t\t\t\t\t<\/div>\n\t\t\t\t<\/div>\n\t\t\t\t<div class=\"elementor-element elementor-element-cc402d6 elementor-widget elementor-widget-heading\" data-id=\"cc402d6\" data-element_type=\"widget\" data-widget_type=\"heading.default\">\n\t\t\t\t<div class=\"elementor-widget-container\">\n\t\t\t\t\t<h2 class=\"elementor-heading-title elementor-size-default\">Mon parcours<\/h2>\t\t\t\t<\/div>\n\t\t\t\t<\/div>\n\t\t\t\t<div class=\"elementor-element elementor-element-e7b029c elementor-widget elementor-widget-text-editor\" data-id=\"e7b029c\" data-element_type=\"widget\" data-widget_type=\"text-editor.default\">\n\t\t\t\t<div class=\"elementor-widget-container\">\n\t\t\t\t\t\t\t\t\t<ul>\n<li>Depuis 2024 : Propri\u00e9taire, g\u00e9rant et chef de l&#8217;Atelier Cook N Joy (Lorient, France)<\/li><li>Depuis 2024 : Propri\u00e9taire, g\u00e9rant et chef du restaurant Cosmopol&#8217;Eat (Lorient, France)<\/li>\n<li>Depuis 2022 : Propri\u00e9taire, g\u00e9rant et chef du Caf\u00e9 Dubail (Lorient, France)<\/li>\n<li>2021 : Chef de cuisine au stade Al Thumama pour la Coupe arabe de football de la FIFA (Doha, Qatar)<\/li>\n<li>2020-2021 : Chef de la brasserie GR34 de l&#8217;h\u00f4tel Les Sables Blancs (Concarneau, France)<\/li>\n<li>2016-2020 : Chef ex\u00e9cutif &amp; Chef instructeur \u00e0 Top Chef Cooking Studio (Duba\u00ef, EAU)<\/li>\n<li>2015-2016 : Chef du restaurant Atmosph\u00e8re de l&#8217;h\u00f4tel Armani, Burj Khalifa (Duba\u00ef, EAU)<\/li>\n<li>2013-2015 : Chef de cuisine au buffet Mediterraneo de l&#8217;h\u00f4tel Armani, Burj Khalifa (Duba\u00ef, EAU)&nbsp;<\/li>\n<li>2011-2013 : Sous-chef tournant pour les Brasseries Flo Asie (P\u00e9kin, Chine)<\/li>\n<li>2009-2010 : Chef de partie tournant au restaurant L&#8217;\u00c9puisette (Marseille, France) &#8211; 1 \u00e9toile Michelin<\/li>\n<li>2008 : Chef de partie p\u00e2tisserie \u00e0 l&#8217;h\u00f4tel Wyck Hill House &amp; Spa (Cheltenham, Angleterre) &#8211; 1 \u00e9toile Michelin<\/li>\n<li>2007 : Commis de p\u00e2tisserie au restaurant L&#8217;Oasis-Comptoir Gourmand (Mandelieu-la-Napoule, France) &#8211; 2 \u00e9toiles Michelin<\/li>\n<li>2005-2007 : Apprenti au Relais des Gorges (Vinon-sur-Verdon, France)&nbsp;<\/li>\n<li>2004 : Commis \u00e0 La Ch\u00e8vre d&#8217;Or (\u00c8ze, France) &#8211; 2 \u00e9toiles Michelin<\/li>\n<\/ul>\t\t\t\t\t\t\t\t<\/div>\n\t\t\t\t<\/div>\n\t\t\t\t\t<\/div>\n\t\t\t\t<\/div>\n\t\t\t\t<\/div>\n\t\t","protected":false},"excerpt":{"rendered":"<p>Qui suis-je ? Bonjour,&nbsp; Je suis Thibaut Bertin, un chef fran\u00e7ais avec plus de 15 ans d&#8217;exp\u00e9rience en cuisine dans le monde entier, de l&#8217;Espagne aux \u00c9mirats arabes unis, en passant par la Chine et le Royaume-Uni.&nbsp; C&#8217;est \u00e0 Duba\u00ef, o\u00f9 j&#8217;ai occup\u00e9 le poste de chef du restaurant Atmosphere Burj Khalifa, entour\u00e9 d&#8217;une \u00e9quipe [&hellip;]<\/p>\n","protected":false},"author":1,"featured_media":0,"parent":0,"menu_order":0,"comment_status":"closed","ping_status":"closed","template":"","meta":{"footnotes":""},"class_list":["post-172","page","type-page","status-publish","hentry","entry","owp-thumbs-layout-horizontal","owp-btn-normal","owp-tabs-layout-horizontal","has-no-thumbnails","has-product-nav"],"_links":{"self":[{"href":"https:\/\/cooknjoy.fr\/index.php\/wp-json\/wp\/v2\/pages\/172","targetHints":{"allow":["GET"]}}],"collection":[{"href":"https:\/\/cooknjoy.fr\/index.php\/wp-json\/wp\/v2\/pages"}],"about":[{"href":"https:\/\/cooknjoy.fr\/index.php\/wp-json\/wp\/v2\/types\/page"}],"author":[{"embeddable":true,"href":"https:\/\/cooknjoy.fr\/index.php\/wp-json\/wp\/v2\/users\/1"}],"replies":[{"embeddable":true,"href":"https:\/\/cooknjoy.fr\/index.php\/wp-json\/wp\/v2\/comments?post=172"}],"version-history":[{"count":59,"href":"https:\/\/cooknjoy.fr\/index.php\/wp-json\/wp\/v2\/pages\/172\/revisions"}],"predecessor-version":[{"id":693,"href":"https:\/\/cooknjoy.fr\/index.php\/wp-json\/wp\/v2\/pages\/172\/revisions\/693"}],"wp:attachment":[{"href":"https:\/\/cooknjoy.fr\/index.php\/wp-json\/wp\/v2\/media?parent=172"}],"curies":[{"name":"wp","href":"https:\/\/api.w.org\/{rel}","templated":true}]}}