{"id":1455,"date":"2025-06-14T15:26:36","date_gmt":"2025-06-14T13:26:36","guid":{"rendered":"https:\/\/cooknjoy.fr\/?page_id=1455"},"modified":"2025-08-22T10:00:32","modified_gmt":"2025-08-22T08:00:32","slug":"chef-prive","status":"publish","type":"page","link":"https:\/\/cooknjoy.fr\/index.php\/chef-prive\/","title":{"rendered":"Chef priv\u00e9"},"content":{"rendered":"\t\t<div data-elementor-type=\"wp-page\" data-elementor-id=\"1455\" class=\"elementor elementor-1455\">\n\t\t\t\t<div class=\"elementor-element elementor-element-399a439 e-flex e-con-boxed e-con e-parent\" data-id=\"399a439\" data-element_type=\"container\">\n\t\t\t\t\t<div class=\"e-con-inner\">\n\t\t\t\t<div class=\"elementor-element elementor-element-3e03298 elementor-widget elementor-widget-image\" data-id=\"3e03298\" data-element_type=\"widget\" data-widget_type=\"image.default\">\n\t\t\t\t<div class=\"elementor-widget-container\">\n\t\t\t\t\t\t\t\t\t\t\t\t\t\t\t<img fetchpriority=\"high\" decoding=\"async\" width=\"300\" height=\"179\" src=\"https:\/\/cooknjoy.fr\/wp-content\/uploads\/2025\/08\/Logo-Cook-at-Home-Blue-300x179.jpeg\" class=\"attachment-medium size-medium wp-image-1731\" alt=\"\" srcset=\"https:\/\/cooknjoy.fr\/wp-content\/uploads\/2025\/08\/Logo-Cook-at-Home-Blue-300x179.jpeg 300w, https:\/\/cooknjoy.fr\/wp-content\/uploads\/2025\/08\/Logo-Cook-at-Home-Blue-600x357.jpeg 600w, https:\/\/cooknjoy.fr\/wp-content\/uploads\/2025\/08\/Logo-Cook-at-Home-Blue.jpeg 640w\" sizes=\"(max-width: 300px) 100vw, 300px\" \/>\t\t\t\t\t\t\t\t\t\t\t\t\t\t\t<\/div>\n\t\t\t\t<\/div>\n\t\t\t\t<div class=\"elementor-element elementor-element-58fb811 elementor-widget elementor-widget-heading\" data-id=\"58fb811\" data-element_type=\"widget\" data-widget_type=\"heading.default\">\n\t\t\t\t<div class=\"elementor-widget-container\">\n\t\t\t\t\t<h2 class=\"elementor-heading-title elementor-size-default\">Cook @ Home : pour une exp\u00e9rience culinaire priv\u00e9e \u00e0 domicile<\/h2>\t\t\t\t<\/div>\n\t\t\t\t<\/div>\n\t\t\t\t<div class=\"elementor-element elementor-element-ae287dd elementor-widget elementor-widget-text-editor\" data-id=\"ae287dd\" data-element_type=\"widget\" data-widget_type=\"text-editor.default\">\n\t\t\t\t<div class=\"elementor-widget-container\">\n\t\t\t\t\t\t\t\t\t<p><span style=\"font-family: Roboto, sans-serif; font-size: 14px; font-style: normal; font-variant-ligatures: normal; font-variant-caps: normal; font-weight: 400;\">Offrez-vous un moment unique avec\u00a0<\/span><span style=\"font-variant-ligatures: normal; font-variant-caps: normal; font-family: Roboto, sans-serif; font-size: 14px; font-style: normal; font-weight: 400;\"><span style=\"font-size: 14px; font-weight: bold;\">Thibaut Bertin<\/span><\/span><span style=\"font-family: Roboto, sans-serif; font-size: 14px; font-style: normal; font-variant-ligatures: normal; font-variant-caps: normal; font-weight: 400;\">, votre\u00a0<\/span><span style=\"font-variant-ligatures: normal; font-variant-caps: normal; font-family: Roboto, sans-serif; font-size: 14px; font-style: normal; font-weight: 400;\"><span style=\"font-size: 14px; font-weight: bold;\">chef priv\u00e9 \u00e0 domicile<\/span><\/span><span style=\"font-family: Roboto, sans-serif; font-size: 14px; font-style: normal; font-variant-ligatures: normal; font-variant-caps: normal; font-weight: 400;\">, pour un voyage gastronomique sur mesure. Que ce soit\u00a0<\/span><span style=\"font-variant-ligatures: normal; font-variant-caps: normal; font-family: Roboto, sans-serif; font-size: 14px; font-style: normal; font-weight: 400;\"><span style=\"font-size: 14px; font-weight: bold;\">\u00e0 la maison<\/span><\/span><span style=\"font-family: Roboto, sans-serif; font-size: 14px; font-style: normal; font-variant-ligatures: normal; font-variant-caps: normal; font-weight: 400;\">\u00a0ou dans le lieu de votre \u00e9v\u00e9nement, vivez une exp\u00e9rience\u00a0<\/span><span style=\"font-variant-ligatures: normal; font-variant-caps: normal; font-family: Roboto, sans-serif; font-size: 14px; font-style: normal; font-weight: 400;\"><span style=\"font-size: 14px; font-weight: bold;\">interactive, relax<\/span><\/span><span style=\"font-family: Roboto, sans-serif; font-size: 14px; font-style: normal; font-variant-ligatures: normal; font-variant-caps: normal; font-weight: 400;\">\u00a0et <\/span><span style=\"font-family: Roboto, sans-serif; font-size: 14px; font-style: normal; font-variant-ligatures: normal; font-variant-caps: normal;\"><b>gourmande<\/b><\/span><span style=\"font-family: Roboto, sans-serif; font-size: 14px; font-style: normal; font-variant-ligatures: normal; font-variant-caps: normal; font-weight: 400;\">, entour\u00e9(e) de vos\u00a0<\/span><span style=\"font-variant-ligatures: normal; font-variant-caps: normal; font-family: Roboto, sans-serif; font-size: 14px; font-style: normal; font-weight: 400;\"><span style=\"font-size: 14px; font-weight: bold;\">amis<\/span><\/span><span style=\"font-family: Roboto, sans-serif; font-size: 14px; font-style: normal; font-variant-ligatures: normal; font-variant-caps: normal; font-weight: 400;\">, de votre\u00a0<\/span><span style=\"font-variant-ligatures: normal; font-variant-caps: normal; font-family: Roboto, sans-serif; font-size: 14px; font-style: normal; font-weight: 400;\"><span style=\"font-size: 14px; font-weight: bold;\">famille<\/span><\/span><span style=\"font-family: Roboto, sans-serif; font-size: 14px; font-style: normal; font-variant-ligatures: normal; font-variant-caps: normal; font-weight: 400;\">, ou de vos <\/span><span style=\"font-family: Roboto, sans-serif; font-size: 14px; font-style: normal; font-variant-ligatures: normal; font-variant-caps: normal;\"><b>coll\u00e8gues<\/b><\/span><span style=\"font-family: Roboto, sans-serif; font-size: 14px; font-style: normal; font-variant-ligatures: normal; font-variant-caps: normal; font-weight: 400;\">.<\/span><\/p>\t\t\t\t\t\t\t\t<\/div>\n\t\t\t\t<\/div>\n\t\t\t\t\t<\/div>\n\t\t\t\t<\/div>\n\t\t<div class=\"elementor-element elementor-element-050f71e e-flex e-con-boxed e-con e-parent\" data-id=\"050f71e\" data-element_type=\"container\">\n\t\t\t\t\t<div class=\"e-con-inner\">\n\t\t<div class=\"elementor-element elementor-element-d1882cf e-con-full e-flex e-con e-child\" data-id=\"d1882cf\" data-element_type=\"container\">\n\t\t\t\t<div class=\"elementor-element elementor-element-b0068fa elementor-widget elementor-widget-text-editor\" data-id=\"b0068fa\" data-element_type=\"widget\" data-widget_type=\"text-editor.default\">\n\t\t\t\t<div class=\"elementor-widget-container\">\n\t\t\t\t\t\t\t\t\t<p style=\"font-variant-ligatures: normal; font-variant-caps: normal; font-family: Roboto, sans-serif; font-size: 14px; font-style: normal; font-weight: 400;\"><span style=\"font-size: 14px; font-weight: bold;\">\ud83d\udc68\u200d\ud83c\udf73\u00a0<\/span><span style=\"font-variant-ligatures: normal; font-variant-caps: normal; font-family: Roboto, sans-serif; font-size: 18px; font-style: normal; font-weight: bold; color: #333333;\">Une prestation cl\u00e9 en main<\/span><\/p><p style=\"font-variant-ligatures: normal; font-variant-caps: normal; font-family: Roboto, sans-serif; font-size: 14px; font-style: normal; font-weight: 400;\"><span style=\"font-size: 14px;\">Le chef se d\u00e9place avec tout le n\u00e9cessaire : ingr\u00e9dients, mat\u00e9riel, savoir-faire. <\/span><span style=\"font-size: 14px;\">Vous organisez un cocktail d\u00eenatoire et vous souhaitez opter pour la livraison de plats uniquement (amuse-bouches, canap\u00e9s, mignardises) ? C&#8217;est possible ! Contactez-nous.<\/span><\/p><p><span style=\"font-size: 18px; font-weight: bold;\">\ud83c\udf7d\ufe0f <\/span><span style=\"font-size: 18px; font-weight: bold; color: #333333;\">Une cuisine du monde ou traditionnelle fran\u00e7aise au choix<\/span><\/p><div><span style=\"font-family: Roboto, sans-serif; font-size: 14px; font-style: normal; font-variant-ligatures: normal; font-variant-caps: normal; font-weight: 400;\">Le chef Thibaut Bertin adapte son savoir-faire \u00e0 vos envies :<\/span><\/div><ul style=\"font-variant-ligatures: normal; font-variant-caps: normal; font-family: Roboto, sans-serif; font-size: 14px; font-style: normal; font-weight: 400;\"><li style=\"font-size: 14px;\"><span style=\"font-size: 14px;\"><span style=\"font-size: 14px; font-weight: bold;\">Cuisine du monde<\/span><\/span>, pour une explosion de saveurs internationales, de l&#8217;Asie \u00e0 l\u2019Am\u00e9rique latine, en passant par les \u00eeles et l&#8217;Europe !<\/li><\/ul><ul style=\"font-variant-ligatures: normal; font-variant-caps: normal; font-family: Roboto, sans-serif; font-size: 14px; font-style: normal; font-weight: 400;\"><li style=\"font-size: 14px;\"><p style=\"font-size: 14px;\"><span style=\"font-size: 14px;\"><span style=\"font-size: 14px; font-weight: bold;\">Cuisine fran\u00e7aise<\/span><\/span>, pour un\u00a0<span style=\"font-size: 14px;\"><span style=\"font-size: 14px; font-weight: bold;\">d\u00eener<\/span><\/span>\u00a0raffin\u00e9 ou un\u00a0<span style=\"font-size: 14px;\"><span style=\"font-size: 14px; font-weight: bold;\">d\u00e9jeuner<\/span><\/span>\u00a0en toute \u00e9l\u00e9gance.<\/p><\/li><\/ul><p style=\"font-variant-ligatures: normal; font-variant-caps: normal; font-family: Roboto, sans-serif; font-size: 14px; font-style: normal; font-weight: 400;\">Menus sur mesure, produits frais, et pr\u00e9sentation soign\u00e9e : votre \u00e9v\u00e9nement devient un moment inoubliable.<\/p>\t\t\t\t\t\t\t\t<\/div>\n\t\t\t\t<\/div>\n\t\t\t\t<\/div>\n\t\t<div class=\"elementor-element elementor-element-9046688 e-con-full e-flex e-con e-child\" data-id=\"9046688\" data-element_type=\"container\">\n\t\t\t\t<div class=\"elementor-element elementor-element-d04225c elementor-widget elementor-widget-text-editor\" data-id=\"d04225c\" data-element_type=\"widget\" data-widget_type=\"text-editor.default\">\n\t\t\t\t<div class=\"elementor-widget-container\">\n\t\t\t\t\t\t\t\t\t<h3><b>\ud83c\udf89 Pour quels types d\u2019\u00e9v\u00e9nements ?<\/b><\/h3><p class=\"p3\">Nos prestations s\u2019adaptent \u00e0 toutes les occasions :<\/p><ul><li><p class=\"p1\"><b>R\u00e9unions de famille<\/b><span class=\"s1\">,\u00a0<\/span>cousinades<span class=\"s1\">, ou anniversaires<\/span><\/p><\/li><li><p class=\"p1\"><strong>\u00c9v\u00e9nements d&#8217;<span class=\"s1\">entreprises<\/span>,<\/strong> s\u00e9minaires ou team-building<\/p><\/li><li><p class=\"p1\"><strong>Repas entre\u00a0<span class=\"s1\">amis<\/span><\/strong>\u00a0ou <strong>moment \u00e0 deux <\/strong>en toute intimit\u00e9<\/p><\/li><li><p class=\"p1\"><b>Brunch<\/b><span class=\"s1\">\u00a0gourmand,\u00a0<\/span><b>pique-nique<\/b><span class=\"s1\">\u00a0chic ou\u00a0<\/span><b>afternoon tea<\/b><span class=\"s1\">\u00a0\u00e0 th\u00e8me<\/span><\/p><\/li><li><p class=\"p1\"><span class=\"s1\"><b>Barbecue<\/b><\/span>\u00a0d\u2019\u00e9t\u00e9 avec chef sur place<\/p><\/li><li><p class=\"p1\"><b>Cocktail d\u00eenatoire<\/b><span class=\"s1\">\u00a0avec\u00a0<\/span><b>livraison de canap\u00e9s sal\u00e9s\/sucr\u00e9s<\/b><span class=\"s1\">\u00a0(mignardises, verrines)<\/span><\/p><\/li><li><p class=\"p1\"><span class=\"s1\"><b>Cooking show<\/b><\/span>\u00a0ou\u00a0<span class=\"s1\"><b>d\u00e9monstration<\/b><\/span>\u00a0culinaire en live : un format\u00a0<span class=\"s1\"><b>interactif<\/b><\/span>\u00a0et ludique<\/p><\/li><\/ul>\t\t\t\t\t\t\t\t<\/div>\n\t\t\t\t<\/div>\n\t\t\t\t<\/div>\n\t\t\t\t\t<\/div>\n\t\t\t\t<\/div>\n\t\t<div class=\"elementor-element elementor-element-07caa3f e-flex e-con-boxed e-con e-parent\" data-id=\"07caa3f\" data-element_type=\"container\" data-settings=\"{&quot;background_background&quot;:&quot;classic&quot;}\">\n\t\t\t\t\t<div class=\"e-con-inner\">\n\t\t<div class=\"elementor-element elementor-element-daf8fcc e-con-full e-flex e-con e-child\" data-id=\"daf8fcc\" data-element_type=\"container\">\n\t\t\t\t<div class=\"elementor-element elementor-element-7f30394 elementor-widget elementor-widget-text-editor\" data-id=\"7f30394\" data-element_type=\"widget\" data-widget_type=\"text-editor.default\">\n\t\t\t\t<div class=\"elementor-widget-container\">\n\t\t\t\t\t\t\t\t\t<p style=\"font-variant-ligatures: normal; font-variant-caps: normal; font-family: Roboto, sans-serif; font-size: 14px; font-style: normal; font-weight: 400;\">&nbsp; <span style=\"font-size: 14px; font-weight: bold;\">\u2705&nbsp;<span style=\"font-size: 14px; color: #333333;\"><span style=\"font-size: 18px;\">Pourquoi choisir Cook @ Home ?<\/span><\/span><\/span><\/p>\n<p style=\"font-variant-ligatures: normal; font-variant-caps: normal; font-family: Roboto, sans-serif; font-size: 14px; font-style: normal;\"><span style=\"font-weight: 400;\">Une approche&nbsp;<span style=\"font-size: 14px; font-weight: bold;\">personnalis\u00e9e<\/span>&nbsp;et des <\/span><b>formules adapt\u00e9es<\/b> \u00e0 vos envies<\/p>\n<p style=\"font-variant-ligatures: normal; font-variant-caps: normal; font-family: Roboto, sans-serif; font-size: 14px; font-style: normal; font-weight: 400;\">La passion et l&#8217;expertise d\u2019un&nbsp;<span style=\"font-size: 14px; font-weight: bold;\">chef priv\u00e9 \u00e0 domicile<\/span>, accessible et \u00e0 l\u2019\u00e9coute<\/p>\n<p style=\"font-variant-ligatures: normal; font-variant-caps: normal; font-family: Roboto, sans-serif; font-size: 14px; font-style: normal; font-weight: 400;\">Une touche de&nbsp;<span style=\"font-size: 14px; font-weight: bold;\">gastronomie<\/span>&nbsp;dans un cadre convivial<\/p><p style=\"font-variant-ligatures: normal; font-variant-caps: normal; font-family: Roboto, sans-serif; font-size: 14px; font-style: normal; font-weight: 400;\"><br><\/p>\n<p style=\"font-variant-ligatures: normal; font-variant-caps: normal; font-family: Roboto, sans-serif; font-size: 14px; font-style: normal; font-weight: 400;\">\n<\/p><h3 style=\"font-variant-ligatures: normal; font-variant-caps: normal; font-family: Roboto, sans-serif; font-style: normal;\"><span style=\"font-size: 18px; font-weight: bold;\">\ud83d\udcc5 R\u00e9servez votre chef priv\u00e9 d\u00e8s maintenant<\/span><\/h3>\n<p class=\"p3\" style=\"font-variant-ligatures: normal; font-variant-caps: normal; font-family: Roboto, sans-serif; font-size: 14px; font-style: normal; font-weight: 400;\">Envie d\u2019un moment gourmand et m\u00e9morable ?&nbsp;<span style=\"font-family: Roboto, sans-serif; font-size: 14px; font-style: normal; font-variant-ligatures: normal; font-variant-caps: normal; font-weight: 400;\">Contactez-nous pour r\u00e9server&nbsp;<\/span><span style=\"font-family: Roboto, sans-serif; font-size: 14px; font-style: normal; font-variant-ligatures: normal; font-variant-caps: normal; font-weight: 400;\">votre&nbsp;<\/span><span class=\"s2\" style=\"font-family: Roboto, sans-serif; font-size: 14px; font-style: normal; font-variant-ligatures: normal; font-variant-caps: normal; font-weight: 400;\"><span style=\"font-size: 14px; font-weight: bold;\">chef priv\u00e9 \u00e0 domicile<\/span><\/span><span style=\"font-family: Roboto, sans-serif; font-size: 14px; font-style: normal; font-variant-ligatures: normal; font-variant-caps: normal; font-weight: 400;\">, et cr\u00e9er ensemble une exp\u00e9rience culinaire sur-mesure.<\/span><\/p>\t\t\t\t\t\t\t\t<\/div>\n\t\t\t\t<\/div>\n\t\t\t\t<\/div>\n\t\t<div class=\"elementor-element elementor-element-461f77c e-con-full e-flex e-con e-child\" data-id=\"461f77c\" data-element_type=\"container\">\n\t\t\t\t<div class=\"elementor-element elementor-element-5fe73de elementor-widget elementor-widget-image\" data-id=\"5fe73de\" data-element_type=\"widget\" data-widget_type=\"image.default\">\n\t\t\t\t<div class=\"elementor-widget-container\">\n\t\t\t\t\t\t\t\t\t\t\t\t\t\t\t<img decoding=\"async\" width=\"1024\" height=\"683\" src=\"https:\/\/cooknjoy.fr\/wp-content\/uploads\/2025\/06\/DSC01673.jpg\" class=\"attachment-ocean-thumb-l size-ocean-thumb-l wp-image-1472\" alt=\"\" srcset=\"https:\/\/cooknjoy.fr\/wp-content\/uploads\/2025\/06\/DSC01673.jpg 1024w, https:\/\/cooknjoy.fr\/wp-content\/uploads\/2025\/06\/DSC01673-300x200.jpg 300w, https:\/\/cooknjoy.fr\/wp-content\/uploads\/2025\/06\/DSC01673-768x512.jpg 768w, https:\/\/cooknjoy.fr\/wp-content\/uploads\/2025\/06\/DSC01673-600x400.jpg 600w\" sizes=\"(max-width: 1024px) 100vw, 1024px\" \/>\t\t\t\t\t\t\t\t\t\t\t\t\t\t\t<\/div>\n\t\t\t\t<\/div>\n\t\t\t\t<\/div>\n\t\t\t\t\t<\/div>\n\t\t\t\t<\/div>\n\t\t<div class=\"elementor-element elementor-element-cbdb064 e-flex e-con-boxed e-con e-parent\" data-id=\"cbdb064\" data-element_type=\"container\">\n\t\t\t\t\t<div class=\"e-con-inner\">\n\t\t\t\t<div class=\"elementor-element elementor-element-9e3e9d5 elementor-widget elementor-widget-spacer\" data-id=\"9e3e9d5\" data-element_type=\"widget\" data-widget_type=\"spacer.default\">\n\t\t\t\t<div class=\"elementor-widget-container\">\n\t\t\t\t\t\t\t<div class=\"elementor-spacer\">\n\t\t\t<div class=\"elementor-spacer-inner\"><\/div>\n\t\t<\/div>\n\t\t\t\t\t\t<\/div>\n\t\t\t\t<\/div>\n\t\t\t\t<div class=\"elementor-element elementor-element-bb5a95d elementor-align-center elementor-widget elementor-widget-button\" data-id=\"bb5a95d\" data-element_type=\"widget\" data-widget_type=\"button.default\">\n\t\t\t\t<div class=\"elementor-widget-container\">\n\t\t\t\t\t\t\t\t\t<div class=\"elementor-button-wrapper\">\n\t\t\t\t\t<a class=\"elementor-button elementor-button-link elementor-size-sm\" href=\"https:\/\/cooknjoy.fr\/index.php\/contact\/\">\n\t\t\t\t\t\t<span class=\"elementor-button-content-wrapper\">\n\t\t\t\t\t\t\t\t\t<span class=\"elementor-button-text\">Demandez votre devis<\/span>\n\t\t\t\t\t<\/span>\n\t\t\t\t\t<\/a>\n\t\t\t\t<\/div>\n\t\t\t\t\t\t\t\t<\/div>\n\t\t\t\t<\/div>\n\t\t\t\t\t<\/div>\n\t\t\t\t<\/div>\n\t\t\t\t<\/div>\n\t\t","protected":false},"excerpt":{"rendered":"<p>Cook @ Home : pour une exp\u00e9rience culinaire priv\u00e9e \u00e0 domicile Offrez-vous un moment unique avec\u00a0Thibaut Bertin, votre\u00a0chef priv\u00e9 \u00e0 domicile, pour un voyage gastronomique sur mesure. Que ce soit\u00a0\u00e0 la maison\u00a0ou dans le lieu de votre \u00e9v\u00e9nement, vivez une exp\u00e9rience\u00a0interactive, relax\u00a0et gourmande, entour\u00e9(e) de vos\u00a0amis, de votre\u00a0famille, ou de vos coll\u00e8gues. \ud83d\udc68\u200d\ud83c\udf73\u00a0Une prestation cl\u00e9 [&hellip;]<\/p>\n","protected":false},"author":1,"featured_media":0,"parent":0,"menu_order":0,"comment_status":"closed","ping_status":"closed","template":"","meta":{"footnotes":""},"class_list":["post-1455","page","type-page","status-publish","hentry","entry","owp-thumbs-layout-horizontal","owp-btn-normal","owp-tabs-layout-horizontal","has-no-thumbnails","has-product-nav"],"_links":{"self":[{"href":"https:\/\/cooknjoy.fr\/index.php\/wp-json\/wp\/v2\/pages\/1455","targetHints":{"allow":["GET"]}}],"collection":[{"href":"https:\/\/cooknjoy.fr\/index.php\/wp-json\/wp\/v2\/pages"}],"about":[{"href":"https:\/\/cooknjoy.fr\/index.php\/wp-json\/wp\/v2\/types\/page"}],"author":[{"embeddable":true,"href":"https:\/\/cooknjoy.fr\/index.php\/wp-json\/wp\/v2\/users\/1"}],"replies":[{"embeddable":true,"href":"https:\/\/cooknjoy.fr\/index.php\/wp-json\/wp\/v2\/comments?post=1455"}],"version-history":[{"count":30,"href":"https:\/\/cooknjoy.fr\/index.php\/wp-json\/wp\/v2\/pages\/1455\/revisions"}],"predecessor-version":[{"id":1734,"href":"https:\/\/cooknjoy.fr\/index.php\/wp-json\/wp\/v2\/pages\/1455\/revisions\/1734"}],"wp:attachment":[{"href":"https:\/\/cooknjoy.fr\/index.php\/wp-json\/wp\/v2\/media?parent=1455"}],"curies":[{"name":"wp","href":"https:\/\/api.w.org\/{rel}","templated":true}]}}